{"id":79,"date":"2021-03-19T16:23:52","date_gmt":"2021-03-19T15:23:52","guid":{"rendered":"https:\/\/marjonaturel.com\/?page_id=79"},"modified":"2025-12-01T17:59:16","modified_gmt":"2025-12-01T16:59:16","slug":"qui-suis-je","status":"publish","type":"page","link":"https:\/\/marjonaturel.com\/index.php\/qui-suis-je\/","title":{"rendered":"Qui suis-je ?"},"content":{"rendered":"\t\t<div data-elementor-type=\"wp-page\" data-elementor-id=\"79\" class=\"elementor elementor-79\">\n\t\t\t\t\t\t<section class=\"elementor-section elementor-top-section elementor-element elementor-element-cf55a08 elementor-section-full_width elementor-section-height-default elementor-section-height-default\" data-id=\"cf55a08\" data-element_type=\"section\" data-e-type=\"section\" data-settings=\"{&quot;shape_divider_bottom&quot;:&quot;mountains&quot;}\">\n\t\t\t\t\t\t\t<div class=\"elementor-background-overlay\"><\/div>\n\t\t\t\t\t\t<div class=\"elementor-shape elementor-shape-bottom\" aria-hidden=\"true\" data-negative=\"false\">\n\t\t\t<svg xmlns=\"http:\/\/www.w3.org\/2000\/svg\" viewBox=\"0 0 1000 100\" preserveAspectRatio=\"none\">\n\t<path class=\"elementor-shape-fill\" opacity=\"0.33\" d=\"M473,67.3c-203.9,88.3-263.1-34-320.3,0C66,119.1,0,59.7,0,59.7V0h1000v59.7 c0,0-62.1,26.1-94.9,29.3c-32.8,3.3-62.8-12.3-75.8-22.1C806,49.6,745.3,8.7,694.9,4.7S492.4,59,473,67.3z\"\/>\n\t<path class=\"elementor-shape-fill\" opacity=\"0.66\" d=\"M734,67.3c-45.5,0-77.2-23.2-129.1-39.1c-28.6-8.7-150.3-10.1-254,39.1 s-91.7-34.4-149.2,0C115.7,118.3,0,39.8,0,39.8V0h1000v36.5c0,0-28.2-18.5-92.1-18.5C810.2,18.1,775.7,67.3,734,67.3z\"\/>\n\t<path class=\"elementor-shape-fill\" d=\"M766.1,28.9c-200-57.5-266,65.5-395.1,19.5C242,1.8,242,5.4,184.8,20.6C128,35.8,132.3,44.9,89.9,52.5C28.6,63.7,0,0,0,0 h1000c0,0-9.9,40.9-83.6,48.1S829.6,47,766.1,28.9z\"\/>\n<\/svg>\t\t<\/div>\n\t\t\t\t\t<div class=\"elementor-container elementor-column-gap-default\">\n\t\t\t\t\t<div class=\"elementor-column elementor-col-100 elementor-top-column elementor-element elementor-element-2601ce68\" data-id=\"2601ce68\" data-element_type=\"column\" data-e-type=\"column\">\n\t\t\t<div class=\"elementor-widget-wrap elementor-element-populated\">\n\t\t\t\t\t\t<div class=\"elementor-element elementor-element-4a768e96 elementor-widget elementor-widget-heading\" data-id=\"4a768e96\" data-element_type=\"widget\" data-e-type=\"widget\" data-widget_type=\"heading.default\">\n\t\t\t\t<div class=\"elementor-widget-container\">\n\t\t\t\t\t<h2 class=\"elementor-heading-title elementor-size-default\">Qui suis-je ?<br><br><br><br><\/h2>\t\t\t\t<\/div>\n\t\t\t\t<\/div>\n\t\t\t\t\t<\/div>\n\t\t<\/div>\n\t\t\t\t\t<\/div>\n\t\t<\/section>\n\t\t\t\t<section class=\"elementor-section elementor-top-section elementor-element elementor-element-66cbe91 elementor-section-boxed elementor-section-height-default elementor-section-height-default\" data-id=\"66cbe91\" data-element_type=\"section\" data-e-type=\"section\">\n\t\t\t\t\t\t<div class=\"elementor-container elementor-column-gap-default\">\n\t\t\t\t\t<div class=\"elementor-column elementor-col-50 elementor-top-column elementor-element elementor-element-331dc72\" data-id=\"331dc72\" data-element_type=\"column\" data-e-type=\"column\">\n\t\t\t<div class=\"elementor-widget-wrap elementor-element-populated\">\n\t\t\t\t\t\t<div class=\"elementor-element elementor-element-51a13de elementor-widget elementor-widget-image\" data-id=\"51a13de\" data-element_type=\"widget\" data-e-type=\"widget\" data-widget_type=\"image.default\">\n\t\t\t\t<div class=\"elementor-widget-container\">\n\t\t\t\t\t\t\t\t\t\t\t\t\t\t\t<img fetchpriority=\"high\" decoding=\"async\" width=\"684\" height=\"1024\" src=\"https:\/\/marjonaturel.com\/wp-content\/uploads\/2021\/06\/DSC0707-684x1024.jpeg\" class=\"attachment-large size-large wp-image-985\" alt=\"marjonaturel 2\" srcset=\"https:\/\/marjonaturel.com\/wp-content\/uploads\/2021\/06\/DSC0707-684x1024.jpeg 684w, https:\/\/marjonaturel.com\/wp-content\/uploads\/2021\/06\/DSC0707-200x300.jpeg 200w, https:\/\/marjonaturel.com\/wp-content\/uploads\/2021\/06\/DSC0707-768x1151.jpeg 768w, https:\/\/marjonaturel.com\/wp-content\/uploads\/2021\/06\/DSC0707-1025x1536.jpeg 1025w, https:\/\/marjonaturel.com\/wp-content\/uploads\/2021\/06\/DSC0707-1367x2048.jpeg 1367w, https:\/\/marjonaturel.com\/wp-content\/uploads\/2021\/06\/DSC0707-500x749.jpeg 500w, https:\/\/marjonaturel.com\/wp-content\/uploads\/2021\/06\/DSC0707-800x1198.jpeg 800w, https:\/\/marjonaturel.com\/wp-content\/uploads\/2021\/06\/DSC0707-1280x1918.jpeg 1280w, https:\/\/marjonaturel.com\/wp-content\/uploads\/2021\/06\/DSC0707-1920x2876.jpeg 1920w, https:\/\/marjonaturel.com\/wp-content\/uploads\/2021\/06\/DSC0707-scaled.jpeg 1709w\" sizes=\"(max-width: 684px) 100vw, 684px\" \/>\t\t\t\t\t\t\t\t\t\t\t\t\t\t\t<\/div>\n\t\t\t\t<\/div>\n\t\t\t\t\t<\/div>\n\t\t<\/div>\n\t\t\t\t<div class=\"elementor-column elementor-col-50 elementor-top-column elementor-element elementor-element-75d2f84\" data-id=\"75d2f84\" data-element_type=\"column\" data-e-type=\"column\">\n\t\t\t<div class=\"elementor-widget-wrap elementor-element-populated\">\n\t\t\t\t\t\t<div class=\"elementor-element elementor-element-b25275c elementor-widget elementor-widget-text-editor\" data-id=\"b25275c\" data-element_type=\"widget\" data-e-type=\"widget\" data-widget_type=\"text-editor.default\">\n\t\t\t\t<div class=\"elementor-widget-container\">\n\t\t\t\t\t\t\t\t\t<p><span style=\"color: var( --e-global-color-text ); font-size: 1.125rem;\">Je suis Marjolaine, Naturopathe certifi\u00e9es, affili\u00e9e \u00e0 l&rsquo;OMNES, Organisation des Naturopathes de France.&nbsp;<\/span><\/p><p><span style=\"color: var( --e-global-color-text ); font-size: 1.125rem;\">Dans ma premi\u00e8re vie professionnelle j&rsquo;ai \u00e9volu\u00e9 dans le milieu bancaire, et j&rsquo;ai eu plaisir \u00e0 accompagner pendant plus de 15 ans des clients dans leurs projets de vie. Suite \u00e0 diff\u00e9rents \u00e9v\u00e9nements de la vie engendrant chez moi beaucoup de stress, d&rsquo;abord par le cancer de ma m\u00e8re, puis des soucis de sant\u00e9 de ma part,&nbsp; j\u2019ai \u00e9t\u00e9 de plus en plus sensibilis\u00e9e \u00e0 des approches \u00ab naturelles \u00bb, afin de pouvoir calmer ce stress et ses effets. Et ainsi retrouver un \u00e9quilibre et reprendre ma vie en main.&nbsp;<\/span><\/p>\n<p><span style=\"color: var( --e-global-color-text ); font-size: 1.125rem;\">Il y a eu un temps d&rsquo;h\u00e9sitations, de r\u00e9flexions, de doutes. Mais je souhaitais plus que tout continuer \u00e0 accompagner les personnes, d&rsquo;une autre mani\u00e8re, en lien avec mes convictions et valeurs. C&rsquo;est ainsi que je me suis form\u00e9e \u00e0 la naturopathie, au sein de l&rsquo;\u00e9cole \u00ab\u00a0L&rsquo;arbre Rouge\u00a0\u00bb sur Lyon, avec un cursus de + de 1200h.<\/span><span style=\"color: var( --e-global-color-text ); font-weight: var( --e-global-typography-text-font-weight ); font-family: var( --e-global-typography-text-font-family ), Sans-serif; font-size: 1.125rem;\">&nbsp;&nbsp;<\/span><\/p>\n<p><span style=\"color: var( --e-global-color-text ); font-size: 1.125rem;\">Je continue \u00e0 me former et \u00e0 enrichir ma pratique avec de nouvelles techniques afin de mieux vous accompagner.&nbsp;<\/span><span style=\"color: var( --e-global-color-text ); font-size: 1.125rem;\">Car aujourd\u2019hui j\u2019ai \u00e0 c\u0153ur de vous guider sur le chemin pour am\u00e9liorer votre bien-\u00eatre au quotidien, et pour que vous preniez soin de vous au naturel.&nbsp;<\/span><\/p>\t\t\t\t\t\t\t\t<\/div>\n\t\t\t\t<\/div>\n\t\t\t\t\t<\/div>\n\t\t<\/div>\n\t\t\t\t\t<\/div>\n\t\t<\/section>\n\t\t\t\t<section class=\"elementor-section elementor-top-section elementor-element elementor-element-d62a948 elementor-section-boxed elementor-section-height-default elementor-section-height-default\" data-id=\"d62a948\" data-element_type=\"section\" data-e-type=\"section\">\n\t\t\t\t\t\t<div class=\"elementor-container elementor-column-gap-default\">\n\t\t\t\t\t<div class=\"elementor-column elementor-col-50 elementor-top-column elementor-element elementor-element-db745d7\" data-id=\"db745d7\" data-element_type=\"column\" data-e-type=\"column\">\n\t\t\t<div class=\"elementor-widget-wrap elementor-element-populated\">\n\t\t\t\t\t\t<div class=\"elementor-element elementor-element-8659b22 elementor-widget elementor-widget-text-editor\" data-id=\"8659b22\" data-element_type=\"widget\" data-e-type=\"widget\" data-widget_type=\"text-editor.default\">\n\t\t\t\t<div class=\"elementor-widget-container\">\n\t\t\t\t\t\t\t\t\t<p>\u00ab\u00a0Accompagner quelqu&rsquo;un, c&rsquo;est se placer ni devant, ni derri\u00e8re, ni \u00e0 la place. C&rsquo;est \u00eatre \u00e0 c\u00f4t\u00e9.\u00a0\u00bb<\/p><p>Joseph Templier<\/p>\t\t\t\t\t\t\t\t<\/div>\n\t\t\t\t<\/div>\n\t\t\t\t<div class=\"elementor-element elementor-element-c5e2872 elementor-button-info elementor-align-center elementor-widget elementor-widget-button\" data-id=\"c5e2872\" data-element_type=\"widget\" data-e-type=\"widget\" data-settings=\"{&quot;_animation&quot;:&quot;none&quot;}\" data-widget_type=\"button.default\">\n\t\t\t\t<div class=\"elementor-widget-container\">\n\t\t\t\t\t\t\t\t\t<div class=\"elementor-button-wrapper\">\n\t\t\t\t\t<a class=\"elementor-button elementor-button-link elementor-size-md elementor-animation-grow\" href=\"https:\/\/marjonaturel.com\/index.php\/contact\/\">\n\t\t\t\t\t\t<span class=\"elementor-button-content-wrapper\">\n\t\t\t\t\t\t\t\t\t<span class=\"elementor-button-text\">Une question ? contactez moi ! <\/span>\n\t\t\t\t\t<\/span>\n\t\t\t\t\t<\/a>\n\t\t\t\t<\/div>\n\t\t\t\t\t\t\t\t<\/div>\n\t\t\t\t<\/div>\n\t\t\t\t\t<\/div>\n\t\t<\/div>\n\t\t\t\t<div class=\"elementor-column elementor-col-50 elementor-top-column elementor-element elementor-element-d8bc79a\" data-id=\"d8bc79a\" data-element_type=\"column\" data-e-type=\"column\">\n\t\t\t<div class=\"elementor-widget-wrap elementor-element-populated\">\n\t\t\t\t\t\t<div class=\"elementor-element elementor-element-0815cd7 elementor-widget elementor-widget-image\" data-id=\"0815cd7\" data-element_type=\"widget\" data-e-type=\"widget\" data-widget_type=\"image.default\">\n\t\t\t\t<div class=\"elementor-widget-container\">\n\t\t\t\t\t\t\t\t\t\t\t\t\t\t\t<img decoding=\"async\" width=\"940\" height=\"576\" src=\"https:\/\/marjonaturel.com\/wp-content\/uploads\/2021\/03\/adventure-1807524_1920-1024x628.jpg\" class=\"attachment-large size-large wp-image-299\" alt=\"\" srcset=\"https:\/\/marjonaturel.com\/wp-content\/uploads\/2021\/03\/adventure-1807524_1920-1024x628.jpg 1024w, https:\/\/marjonaturel.com\/wp-content\/uploads\/2021\/03\/adventure-1807524_1920-300x184.jpg 300w, https:\/\/marjonaturel.com\/wp-content\/uploads\/2021\/03\/adventure-1807524_1920-768x471.jpg 768w, https:\/\/marjonaturel.com\/wp-content\/uploads\/2021\/03\/adventure-1807524_1920-1536x942.jpg 1536w, https:\/\/marjonaturel.com\/wp-content\/uploads\/2021\/03\/adventure-1807524_1920-500x307.jpg 500w, https:\/\/marjonaturel.com\/wp-content\/uploads\/2021\/03\/adventure-1807524_1920-800x490.jpg 800w, https:\/\/marjonaturel.com\/wp-content\/uploads\/2021\/03\/adventure-1807524_1920-1280x785.jpg 1280w, https:\/\/marjonaturel.com\/wp-content\/uploads\/2021\/03\/adventure-1807524_1920.jpg 1920w\" sizes=\"(max-width: 940px) 100vw, 940px\" \/>\t\t\t\t\t\t\t\t\t\t\t\t\t\t\t<\/div>\n\t\t\t\t<\/div>\n\t\t\t\t\t<\/div>\n\t\t<\/div>\n\t\t\t\t\t<\/div>\n\t\t<\/section>\n\t\t\t\t<section class=\"elementor-section elementor-top-section elementor-element elementor-element-0031826 elementor-section-boxed elementor-section-height-default elementor-section-height-default\" data-id=\"0031826\" data-element_type=\"section\" data-e-type=\"section\">\n\t\t\t\t\t\t<div class=\"elementor-container elementor-column-gap-default\">\n\t\t\t\t\t<div class=\"elementor-column elementor-col-100 elementor-top-column elementor-element elementor-element-72b564f\" data-id=\"72b564f\" data-element_type=\"column\" data-e-type=\"column\">\n\t\t\t<div class=\"elementor-widget-wrap\">\n\t\t\t\t\t\t\t<\/div>\n\t\t<\/div>\n\t\t\t\t\t<\/div>\n\t\t<\/section>\n\t\t\t\t<section class=\"elementor-section elementor-top-section elementor-element elementor-element-42179837 elementor-section-boxed elementor-section-height-default elementor-section-height-default\" data-id=\"42179837\" data-element_type=\"section\" data-e-type=\"section\" data-settings=\"{&quot;background_background&quot;:&quot;classic&quot;,&quot;shape_divider_top&quot;:&quot;mountains&quot;}\">\n\t\t\t\t\t\t\t<div class=\"elementor-background-overlay\"><\/div>\n\t\t\t\t\t\t<div class=\"elementor-shape elementor-shape-top\" aria-hidden=\"true\" data-negative=\"false\">\n\t\t\t<svg xmlns=\"http:\/\/www.w3.org\/2000\/svg\" viewBox=\"0 0 1000 100\" preserveAspectRatio=\"none\">\n\t<path class=\"elementor-shape-fill\" opacity=\"0.33\" d=\"M473,67.3c-203.9,88.3-263.1-34-320.3,0C66,119.1,0,59.7,0,59.7V0h1000v59.7 c0,0-62.1,26.1-94.9,29.3c-32.8,3.3-62.8-12.3-75.8-22.1C806,49.6,745.3,8.7,694.9,4.7S492.4,59,473,67.3z\"\/>\n\t<path class=\"elementor-shape-fill\" opacity=\"0.66\" d=\"M734,67.3c-45.5,0-77.2-23.2-129.1-39.1c-28.6-8.7-150.3-10.1-254,39.1 s-91.7-34.4-149.2,0C115.7,118.3,0,39.8,0,39.8V0h1000v36.5c0,0-28.2-18.5-92.1-18.5C810.2,18.1,775.7,67.3,734,67.3z\"\/>\n\t<path class=\"elementor-shape-fill\" d=\"M766.1,28.9c-200-57.5-266,65.5-395.1,19.5C242,1.8,242,5.4,184.8,20.6C128,35.8,132.3,44.9,89.9,52.5C28.6,63.7,0,0,0,0 h1000c0,0-9.9,40.9-83.6,48.1S829.6,47,766.1,28.9z\"\/>\n<\/svg>\t\t<\/div>\n\t\t\t\t\t<div class=\"elementor-container elementor-column-gap-default\">\n\t\t\t\t\t<div class=\"elementor-column elementor-col-33 elementor-top-column elementor-element elementor-element-245886c6\" data-id=\"245886c6\" data-element_type=\"column\" data-e-type=\"column\">\n\t\t\t<div class=\"elementor-widget-wrap elementor-element-populated\">\n\t\t\t\t\t\t<div class=\"elementor-element elementor-element-1fb0be68 elementor-widget elementor-widget-text-editor\" data-id=\"1fb0be68\" data-element_type=\"widget\" data-e-type=\"widget\" data-widget_type=\"text-editor.default\">\n\t\t\t\t<div class=\"elementor-widget-container\">\n\t\t\t\t\t\t\t\t\t<div class=\"textwidget\"><p><strong><span style=\"font-family: tahoma, arial, helvetica, sans-serif; font-size: 14pt;\">Marjolaine LEVEQUE<\/span><\/strong><br \/><strong><span style=\"font-family: tahoma, arial, helvetica, sans-serif; font-size: 14pt;\">Tel : 06 82 68 05 71<\/span><\/strong><br \/><strong><span style=\"font-family: tahoma, arial, helvetica, sans-serif; font-size: 14pt;\"><a href=\"mailto:marjolaine@marjonaturel.com\">marjolaine@marjonaturel.com<\/a><\/span><\/strong><\/p><\/div>\t\t\t\t\t\t\t\t<\/div>\n\t\t\t\t<\/div>\n\t\t\t\t\t<\/div>\n\t\t<\/div>\n\t\t\t\t<div class=\"elementor-column elementor-col-33 elementor-top-column elementor-element elementor-element-705b1526\" data-id=\"705b1526\" data-element_type=\"column\" data-e-type=\"column\">\n\t\t\t<div class=\"elementor-widget-wrap elementor-element-populated\">\n\t\t\t\t\t\t<section class=\"elementor-section elementor-inner-section elementor-element elementor-element-592cf108 elementor-section-boxed elementor-section-height-default elementor-section-height-default\" data-id=\"592cf108\" data-element_type=\"section\" data-e-type=\"section\">\n\t\t\t\t\t\t<div class=\"elementor-container elementor-column-gap-default\">\n\t\t\t\t\t<div class=\"elementor-column elementor-col-50 elementor-inner-column elementor-element elementor-element-33efc85d\" data-id=\"33efc85d\" data-element_type=\"column\" data-e-type=\"column\">\n\t\t\t<div class=\"elementor-widget-wrap elementor-element-populated\">\n\t\t\t\t\t\t<div class=\"elementor-element elementor-element-3bf949b0 elementor-invisible elementor-widget elementor-widget-text-editor\" data-id=\"3bf949b0\" data-element_type=\"widget\" data-e-type=\"widget\" data-settings=\"{&quot;_animation&quot;:&quot;fadeIn&quot;}\" data-widget_type=\"text-editor.default\">\n\t\t\t\t<div class=\"elementor-widget-container\">\n\t\t\t\t\t\t\t\t\t<p><strong><span style=\"font-family: tahoma, arial, helvetica, sans-serif; font-size: 14pt;\">Suivez moi sur :<\/span><\/strong><\/p>\t\t\t\t\t\t\t\t<\/div>\n\t\t\t\t<\/div>\n\t\t\t\t\t<\/div>\n\t\t<\/div>\n\t\t\t\t<div class=\"elementor-column elementor-col-50 elementor-inner-column elementor-element elementor-element-42a9f2c\" data-id=\"42a9f2c\" data-element_type=\"column\" data-e-type=\"column\">\n\t\t\t<div class=\"elementor-widget-wrap elementor-element-populated\">\n\t\t\t\t\t\t<div class=\"elementor-element elementor-element-13e65043 elementor-shape-circle elementor-grid-0 e-grid-align-center elementor-widget elementor-widget-social-icons\" data-id=\"13e65043\" data-element_type=\"widget\" data-e-type=\"widget\" data-widget_type=\"social-icons.default\">\n\t\t\t\t<div class=\"elementor-widget-container\">\n\t\t\t\t\t\t\t<div class=\"elementor-social-icons-wrapper elementor-grid\" role=\"list\">\n\t\t\t\t\t\t\t<span class=\"elementor-grid-item\" role=\"listitem\">\n\t\t\t\t\t<a class=\"elementor-icon elementor-social-icon elementor-social-icon-instagram elementor-repeater-item-900a20a\" href=\"https:\/\/www.instagram.com\/marj_o_naturel\/?hl=fr\" target=\"_blank\">\n\t\t\t\t\t\t<span class=\"elementor-screen-only\">Instagram<\/span>\n\t\t\t\t\t\t<i aria-hidden=\"true\" class=\"fab fa-instagram\"><\/i>\t\t\t\t\t<\/a>\n\t\t\t\t<\/span>\n\t\t\t\t\t\t\t<span class=\"elementor-grid-item\" role=\"listitem\">\n\t\t\t\t\t<a class=\"elementor-icon elementor-social-icon elementor-social-icon-facebook elementor-repeater-item-0a96887\" href=\"https:\/\/www.facebook.com\/marjonaturel\" target=\"_blank\">\n\t\t\t\t\t\t<span class=\"elementor-screen-only\">Facebook<\/span>\n\t\t\t\t\t\t<i aria-hidden=\"true\" class=\"fab fa-facebook\"><\/i>\t\t\t\t\t<\/a>\n\t\t\t\t<\/span>\n\t\t\t\t\t<\/div>\n\t\t\t\t\t\t<\/div>\n\t\t\t\t<\/div>\n\t\t\t\t\t<\/div>\n\t\t<\/div>\n\t\t\t\t\t<\/div>\n\t\t<\/section>\n\t\t\t\t\t<\/div>\n\t\t<\/div>\n\t\t\t\t<div class=\"elementor-column elementor-col-33 elementor-top-column elementor-element elementor-element-50b871c1\" data-id=\"50b871c1\" data-element_type=\"column\" data-e-type=\"column\">\n\t\t\t<div class=\"elementor-widget-wrap elementor-element-populated\">\n\t\t\t\t\t\t<div class=\"elementor-element elementor-element-f011733 elementor-widget elementor-widget-text-editor\" data-id=\"f011733\" data-element_type=\"widget\" data-e-type=\"widget\" data-widget_type=\"text-editor.default\">\n\t\t\t\t<div class=\"elementor-widget-container\">\n\t\t\t\t\t\t\t\t\t<div>\u00a0<\/div><div>\u00a0<\/div><div>\u00a0<\/div><div>\u00a0<\/div><div class=\"textwidget\" style=\"text-align: right;\"><a href=\"https:\/\/marjonaturel.com\/index.php\/mentions-legales\/\" target=\"_blank\" rel=\"noopener\"><strong><span style=\"font-size: 8pt;\">Mentions l\u00e9gales \u2013 Confidentialit\u00e9 \u2013 \u00a9 marjonaturel.com<\/span><\/strong><\/a><\/div>\t\t\t\t\t\t\t\t<\/div>\n\t\t\t\t<\/div>\n\t\t\t\t\t<\/div>\n\t\t<\/div>\n\t\t\t\t\t<\/div>\n\t\t<\/section>\n\t\t\t\t<section class=\"elementor-section elementor-top-section elementor-element elementor-element-5c0410b elementor-section-boxed elementor-section-height-default elementor-section-height-default\" data-id=\"5c0410b\" data-element_type=\"section\" data-e-type=\"section\">\n\t\t\t\t\t\t<div class=\"elementor-container elementor-column-gap-default\">\n\t\t\t\t\t<div class=\"elementor-column elementor-col-100 elementor-top-column elementor-element elementor-element-b56d1b7\" data-id=\"b56d1b7\" data-element_type=\"column\" data-e-type=\"column\">\n\t\t\t<div class=\"elementor-widget-wrap elementor-element-populated\">\n\t\t\t\t\t\t<div class=\"elementor-element elementor-element-ee160b0 elementor-widget elementor-widget-shortcode\" data-id=\"ee160b0\" data-element_type=\"widget\" data-e-type=\"widget\" data-widget_type=\"shortcode.default\">\n\t\t\t\t<div class=\"elementor-widget-container\">\n\t\t\t\t\t\t\t<div class=\"elementor-shortcode\"><!-- D\u00e9but de widget de badge Calendly -->\n<link href=\"https:\/\/assets.calendly.com\/assets\/external\/widget.css\" rel=\"stylesheet\">\n<script src=\"https:\/\/assets.calendly.com\/assets\/external\/widget.js\" type=\"text\/javascript\" async><\/script>\n<script type=\"text\/javascript\">window.onload = function() { Calendly.initBadgeWidget({ url: 'https:\/\/calendly.com\/marjonaturel\/appeldecouverteoffert', text: '\ud83d\udc4b Votre appel d\u00e9couverte offert! <br> R\u00e9servez ici \ud83d\ude0a', color: '#7e8282', textColor: '#ffffff'}); }<\/script>\n<!-- Fin de widget de badge Calendly --><\/div>\n\t\t\t\t\t\t<\/div>\n\t\t\t\t<\/div>\n\t\t\t\t\t<\/div>\n\t\t<\/div>\n\t\t\t\t\t<\/div>\n\t\t<\/section>\n\t\t\t\t<\/div>\n\t\t","protected":false},"excerpt":{"rendered":"<p>Qui suis-je ? Je suis Marjolaine, Naturopathe certifi\u00e9es, affili\u00e9e \u00e0 l&rsquo;OMNES, Organisation des Naturopathes de France.&nbsp; Dans ma premi\u00e8re vie professionnelle j&rsquo;ai \u00e9volu\u00e9 dans le milieu bancaire, et j&rsquo;ai eu plaisir \u00e0 accompagner pendant plus<span class=\"more-button\"><a href=\"https:\/\/marjonaturel.com\/index.php\/qui-suis-je\/\" class=\"more-link\">Continue reading<span class=\"screen-reader-text\">Qui suis-je ?<\/span><i class=\"fa fa-angle-right\" aria-hidden=\"true\"><\/i><\/a><\/span><\/p>\n","protected":false},"author":2,"featured_media":0,"parent":0,"menu_order":0,"comment_status":"closed","ping_status":"closed","template":"elementor_header_footer","meta":{"_coblocks_attr":"","_coblocks_dimensions":"","_coblocks_responsive_height":"","_coblocks_accordion_ie_support":"","_uag_custom_page_level_css":"","ngg_post_thumbnail":0,"footnotes":"","_links_to":"","_links_to_target":""},"class_list":["post-79","page","type-page","status-publish","hentry"],"uagb_featured_image_src":{"full":false,"thumbnail":false,"medium":false,"medium_large":false,"large":false,"1536x1536":false,"2048x2048":false,"post-thumbnail":false,"chique-slider":false,"chique-featured":false,"chique-header-inner":false,"chique-hero-content":false,"chique-testimonial":false,"chique-logo":false,"chique-why-choose-us":false,"chique-portfolio":false,"awb_sm":false,"awb_md":false,"awb_lg":false,"awb_xl":false},"uagb_author_info":{"display_name":"plr","author_link":"https:\/\/marjonaturel.com\/index.php\/author\/plr\/"},"uagb_comment_info":0,"uagb_excerpt":"Qui suis-je ? Je suis Marjolaine, Naturopathe certifi\u00e9es, affili\u00e9e \u00e0 l&rsquo;OMNES, Organisation des Naturopathes de France.&nbsp; Dans ma premi\u00e8re vie professionnelle j&rsquo;ai \u00e9volu\u00e9 dans le milieu bancaire, et j&rsquo;ai eu plaisir \u00e0 accompagner pendant plusContinue readingQui suis-je ?","_links":{"self":[{"href":"https:\/\/marjonaturel.com\/index.php\/wp-json\/wp\/v2\/pages\/79","targetHints":{"allow":["GET"]}}],"collection":[{"href":"https:\/\/marjonaturel.com\/index.php\/wp-json\/wp\/v2\/pages"}],"about":[{"href":"https:\/\/marjonaturel.com\/index.php\/wp-json\/wp\/v2\/types\/page"}],"author":[{"embeddable":true,"href":"https:\/\/marjonaturel.com\/index.php\/wp-json\/wp\/v2\/users\/2"}],"replies":[{"embeddable":true,"href":"https:\/\/marjonaturel.com\/index.php\/wp-json\/wp\/v2\/comments?post=79"}],"version-history":[{"count":84,"href":"https:\/\/marjonaturel.com\/index.php\/wp-json\/wp\/v2\/pages\/79\/revisions"}],"predecessor-version":[{"id":1440,"href":"https:\/\/marjonaturel.com\/index.php\/wp-json\/wp\/v2\/pages\/79\/revisions\/1440"}],"wp:attachment":[{"href":"https:\/\/marjonaturel.com\/index.php\/wp-json\/wp\/v2\/media?parent=79"}],"curies":[{"name":"wp","href":"https:\/\/api.w.org\/{rel}","templated":true}]}}